{"id":1834,"date":"2022-09-24T21:09:50","date_gmt":"2022-09-24T19:09:50","guid":{"rendered":"https:\/\/ingredalia.net\/actualites\/"},"modified":"2026-04-30T18:52:59","modified_gmt":"2026-04-30T16:52:59","slug":"actualites","status":"publish","type":"page","link":"https:\/\/ingredalia.net\/fr\/actualites\/","title":{"rendered":"Actualit\u00e9s"},"content":{"rendered":"<p>[et_pb_section fb_built=\u00a0\u00bb1&Prime; _builder_version=\u00a0\u00bb4.27.4&Prime; _module_preset=\u00a0\u00bbdefault\u00a0\u00bb max_height=\u00a0\u00bb300px\u00a0\u00bb custom_margin=\u00a0\u00bb0px||||false|false\u00a0\u00bb custom_padding=\u00a0\u00bb20px||20px||false|false\u00a0\u00bb global_module=\u00a0\u00bb124&Prime; saved_tabs=\u00a0\u00bball\u00a0\u00bb locked=\u00a0\u00bboff\u00a0\u00bb global_colors_info=\u00a0\u00bb{%22gcid-2349dd4d-b86e-4377-8a02-06ad6cab31d1%22:%91%22background_color%22,%22background_color%22,%22background_color%22,%22background_color%22,%22background_color%22,%22background_color%22,%22background_color%22,%22background_color%22,%22background_color%22,%22background_color%22,%22background_color%22,%22background_color%22,%22background_color%22,%22background_color%22,%22background_color%22,%22background_color%22,%22background_color%22,%22background_color%22,%22background_color%22,%22background_color%22,%22background_color%22,%22background_color%22,%22background_color%22,%22background_color%22%93}\u00a0\u00bb background_color=\u00a0\u00bbgcid-2349dd4d-b86e-4377-8a02-06ad6cab31d1&Prime; background_image=\u00a0\u00bbhttps:\/\/ingredalia.net\/wp-content\/uploads\/2025\/12\/34cef4517ae046081b810c2d2908cd0f48228fd7.png\u00a0\u00bb background_blend=\u00a0\u00bbcolor-burn\u00a0\u00bb][et_pb_row _builder_version=\u00a0\u00bb4.27.4&Prime; _module_preset=\u00a0\u00bbdefault\u00a0\u00bb global_colors_info=\u00a0\u00bb{}\u00a0\u00bb][et_pb_column type=\u00a0\u00bb4_4&Prime; _builder_version=\u00a0\u00bb4.17.5&Prime; _module_preset=\u00a0\u00bbdefault\u00a0\u00bb global_colors_info=\u00a0\u00bb{}\u00a0\u00bb][et_pb_text _builder_version=\u00a0\u00bb4.27.4&Prime; _dynamic_attributes=\u00a0\u00bbcontent\u00a0\u00bb _module_preset=\u00a0\u00bbdefault\u00a0\u00bb text_text_color=\u00a0\u00bb#000000&Prime; header_font=\u00a0\u00bbWork Sans|600|||||||\u00a0\u00bb header_text_align=\u00a0\u00bbleft\u00a0\u00bb header_text_color=\u00a0\u00bb#000000&Prime; header_font_size=\u00a0\u00bb45px\u00a0\u00bb header_line_height=\u00a0\u00bb1.3em\u00a0\u00bb custom_margin=\u00a0\u00bb||17px|||\u00a0\u00bb custom_margin_tablet=\u00a0\u00bb\u00a0\u00bb custom_margin_phone=\u00a0\u00bb||0px||false|false\u00a0\u00bb custom_margin_last_edited=\u00a0\u00bbon|phone\u00a0\u00bb header_font_size_tablet=\u00a0\u00bb40px\u00a0\u00bb header_font_size_phone=\u00a0\u00bb28px\u00a0\u00bb header_font_size_last_edited=\u00a0\u00bbon|desktop\u00a0\u00bb locked=\u00a0\u00bboff\u00a0\u00bb global_colors_info=\u00a0\u00bb{}\u00a0\u00bb]@ET-DC@eyJkeW5hbWljIjp0cnVlLCJjb250ZW50IjoicG9zdF90aXRsZSIsInNldHRpbmdzIjp7ImJlZm9yZSI6IjxoMT4iLCJhZnRlciI6IjwvaDE+IiwiZW5hYmxlX2h0bWwiOiJvZmYifX0=@[\/et_pb_text][dsm_breadcrumbs home_text=\u00a0\u00bbAccueil\u00a0\u00bb _builder_version=\u00a0\u00bb4.22.1&Prime; _module_preset=\u00a0\u00bbdefault\u00a0\u00bb items_text_color=\u00a0\u00bb#F4963D\u00a0\u00bb home_icon_text_color=\u00a0\u00bb#F4963D\u00a0\u00bb separators_text_color=\u00a0\u00bb#F4963D\u00a0\u00bb current_text_color=\u00a0\u00bb#0f223a\u00a0\u00bb global_colors_info=\u00a0\u00bb{}\u00a0\u00bb][\/dsm_breadcrumbs][\/et_pb_column][\/et_pb_row][\/et_pb_section][et_pb_section fb_built=\u00a0\u00bb1&Prime; _builder_version=\u00a0\u00bb4.18.0&Prime; _module_preset=\u00a0\u00bbdefault\u00a0\u00bb background_color=\u00a0\u00bb#FFFFFF\u00a0\u00bb locked=\u00a0\u00bboff\u00a0\u00bb global_colors_info=\u00a0\u00bb{}\u00a0\u00bb][et_pb_row column_structure=\u00a0\u00bb2_3,1_3&Prime; use_custom_gutter=\u00a0\u00bbon\u00a0\u00bb gutter_width=\u00a0\u00bb2&Prime; make_equal=\u00a0\u00bbon\u00a0\u00bb _builder_version=\u00a0\u00bb4.27.4&Prime; _module_preset=\u00a0\u00bbdefault\u00a0\u00bb hover_enabled=\u00a0\u00bb0&Prime; global_colors_info=\u00a0\u00bb{}\u00a0\u00bb sticky_enabled=\u00a0\u00bb0&Prime;][et_pb_column type=\u00a0\u00bb2_3&Prime; _builder_version=\u00a0\u00bb4.17.5&Prime; _module_preset=\u00a0\u00bbdefault\u00a0\u00bb global_colors_info=\u00a0\u00bb{}\u00a0\u00bb][et_pb_blog fullwidth=\u00a0\u00bboff\u00a0\u00bb posts_number=\u00a0\u00bb6&Prime; include_categories=\u00a0\u00bball\u00a0\u00bb excerpt_length=\u00a0\u00bb100&Prime; show_more=\u00a0\u00bbon\u00a0\u00bb show_author=\u00a0\u00bboff\u00a0\u00bb masonry_tile_background_color=\u00a0\u00bbgcid-e33d9f42-0721-4741-9d98-b3d71912b2b8&Prime; masonry_tile_background_color_last_edited=\u00a0\u00bboff|desktop\u00a0\u00bb module_class=\u00a0\u00bbweb_blog_style rblog_style remove-meta-separatorsJNOUSAR\u00a0\u00bb _builder_version=\u00a0\u00bb4.27.4&Prime; _module_preset=\u00a0\u00bbdefault\u00a0\u00bb header_font=\u00a0\u00bbWork Sans|600|||||||\u00a0\u00bb header_text_color=\u00a0\u00bbgcid-2d3c618c-2748-4c35-a9b1-89451ba9ea97&Prime; header_font_size=\u00a0\u00bb22px\u00a0\u00bb header_line_height=\u00a0\u00bb1.4em\u00a0\u00bb body_font=\u00a0\u00bbPoppins||||||||\u00a0\u00bb body_text_color=\u00a0\u00bbgcid-2d3c618c-2748-4c35-a9b1-89451ba9ea97&Prime; body_font_size=\u00a0\u00bb15px\u00a0\u00bb meta_font=\u00a0\u00bbPoppins|500|||||||\u00a0\u00bb meta_text_color=\u00a0\u00bb#F4963D\u00a0\u00bb meta_line_height=\u00a0\u00bb1.8em\u00a0\u00bb read_more_font=\u00a0\u00bbPoppins|500||on|||||\u00a0\u00bb read_more_text_color=\u00a0\u00bbgcid-658f2e69-fe5d-459e-af2d-36bb65821798&Prime; read_more_line_height=\u00a0\u00bb3.7em\u00a0\u00bb custom_css_title=\u00a0\u00bbpadding-left: 15px;||padding-right: 15px;\u00a0\u00bb custom_css_content=\u00a0\u00bbwidth: 100%!important;||padding-left: 15px;||padding-right: 15px;||padding-bottom: 0px;\u00a0\u00bb custom_css_post_meta=\u00a0\u00bbmargin-top: -20px;||width: 100%!important;||padding-left: 15px!important;||padding-right: 15px;\u00a0\u00bb custom_css_read_more=\u00a0\u00bbbackground-color:var(&#8211;globe-lblue);||border-radius: 5px;||padding:10px 30px;||color:#fff;||\u00a0\u00bb border_radii=\u00a0\u00bbon|10px|10px|10px|10px\u00a0\u00bb box_shadow_style=\u00a0\u00bbpreset1&Prime; locked=\u00a0\u00bboff\u00a0\u00bb custom_css_read_more__hover_enabled=\u00a0\u00bbon|desktop\u00a0\u00bb custom_css_read_more__hover=\u00a0\u00bbbackground-color:var(&#8211;globe-dblue);||border-radius: 5px;||margin-top:20px;||padding:10px 30px;||color:#fff;||\u00a0\u00bb box_shadow_color__hover=\u00a0\u00bbrgba(12,113,195,0.1)\u00a0\u00bb box_shadow_color__hover_enabled=\u00a0\u00bbon|hover\u00a0\u00bb masonry_tile_background_color__hover_enabled=\u00a0\u00bboff|desktop\u00a0\u00bb masonry_tile_background_color__hover=\u00a0\u00bb#FFFFFF\u00a0\u00bb sticky_enabled=\u00a0\u00bb0&Prime; global_colors_info=\u00a0\u00bb{%22gcid-2d3c618c-2748-4c35-a9b1-89451ba9ea97%22:%91%22header_text_color%22,%22body_text_color%22,%22body_text_color%22,%22header_text_color%22%93,%22gcid-658f2e69-fe5d-459e-af2d-36bb65821798%22:%91%22read_more_text_color%22%93,%22gcid-082d8d73-f248-4c07-9906-d3d74154ca5f%22:%91%22box_shadow_color%22%93,%22gcid-e33d9f42-0721-4741-9d98-b3d71912b2b8%22:%91%22masonry_tile_background_color%22%93,%22gcid-76f54854-7fac-4608-a928-bbbbedf6c841%22:%91%22read_more_text_color%22%93}\u00a0\u00bb show_categories=\u00a0\u00bboff\u00a0\u00bb header_font_size_tablet=\u00a0\u00bb20px\u00a0\u00bb header_font_size_phone=\u00a0\u00bb20px\u00a0\u00bb header_font_size_last_edited=\u00a0\u00bbon|phone\u00a0\u00bb body_line_height=\u00a0\u00bb1.9em\u00a0\u00bb animation_style=\u00a0\u00bbslide\u00a0\u00bb custom_css_free_form=\u00a0\u00bbselector{||  \ta.more-link{||    \tbackground: #f5f5f5 !important;||      border-radius: 20px !important;||\t\t\tpadding-top: 5px !important;||\t\t\tpadding-bottom: 5px !important;||  }||  a.more-link:hover{||      background: #f0f1f5 !important;||  }||}||\u00a0\u00bb hover_enabled=\u00a0\u00bb0&Prime;][\/et_pb_blog][\/et_pb_column][et_pb_column type=\u00a0\u00bb1_3&Prime; _builder_version=\u00a0\u00bb4.27.4&Prime; _module_preset=\u00a0\u00bbdefault\u00a0\u00bb hover_enabled=\u00a0\u00bb0&Prime; global_colors_info=\u00a0\u00bb{}\u00a0\u00bb sticky_enabled=\u00a0\u00bb0&Prime;][et_pb_sidebar module_class=\u00a0\u00bbproduct-sidebar\u00a0\u00bb _builder_version=\u00a0\u00bb4.27.4&Prime; _module_preset=\u00a0\u00bbdefault\u00a0\u00bb header_font=\u00a0\u00bbWork Sans||||||||\u00a0\u00bb header_text_color=\u00a0\u00bb#FFFFFF\u00a0\u00bb header_font_size=\u00a0\u00bb22px\u00a0\u00bb header_line_height=\u00a0\u00bb1.3em\u00a0\u00bb body_font=\u00a0\u00bbPoppins||||||||\u00a0\u00bb body_text_color=\u00a0\u00bbgcid-078517e4-813a-4d7f-804c-2de7aaed3297&Prime; body_font_size=\u00a0\u00bb16px\u00a0\u00bb body_line_height=\u00a0\u00bb1.8em\u00a0\u00bb hover_enabled=\u00a0\u00bb0&Prime; locked=\u00a0\u00bboff\u00a0\u00bb global_colors_info=\u00a0\u00bb{%22gcid-078517e4-813a-4d7f-804c-2de7aaed3297%22:%91%22body_text_color%22%93}\u00a0\u00bb sticky_enabled=\u00a0\u00bb0&Prime;][\/et_pb_sidebar][\/et_pb_column][\/et_pb_row][\/et_pb_section][et_pb_section fb_built=\u00a0\u00bb1&Prime; custom_padding_last_edited=\u00a0\u00bboff|desktop\u00a0\u00bb _builder_version=\u00a0\u00bb4.22.1&Prime; _module_preset=\u00a0\u00bbdefault\u00a0\u00bb background_color=\u00a0\u00bbgcid-68c2cd0a-56fc-4073-ad90-218e0fc5b66a\u00a0\u00bb custom_margin_tablet=\u00a0\u00bb-130px||||false|false\u00a0\u00bb custom_margin_phone=\u00a0\u00bb-130px||||false|false\u00a0\u00bb custom_margin_last_edited=\u00a0\u00bboff|desktop\u00a0\u00bb custom_padding_tablet=\u00a0\u00bb112px||||false|false\u00a0\u00bb custom_padding_phone=\u00a0\u00bb112px||||false|false\u00a0\u00bb locked=\u00a0\u00bboff\u00a0\u00bb global_colors_info=\u00a0\u00bb{%22gcid-68c2cd0a-56fc-4073-ad90-218e0fc5b66a%22:%91%22background_color%22%93}\u00a0\u00bb][et_pb_row column_structure=\u00a0\u00bb3_4,1_4&Prime; use_custom_gutter=\u00a0\u00bbon\u00a0\u00bb gutter_width=\u00a0\u00bb2&Prime; make_equal=\u00a0\u00bbon\u00a0\u00bb _builder_version=\u00a0\u00bb4.20.0&Prime; _module_preset=\u00a0\u00bbdefault\u00a0\u00bb global_colors_info=\u00a0\u00bb{}\u00a0\u00bb][et_pb_column type=\u00a0\u00bb3_4&Prime; _builder_version=\u00a0\u00bb4.18.0&Prime; _module_preset=\u00a0\u00bbdefault\u00a0\u00bb global_colors_info=\u00a0\u00bb{}\u00a0\u00bb][et_pb_text _builder_version=\u00a0\u00bb4.22.1&Prime; _module_preset=\u00a0\u00bbdefault\u00a0\u00bb text_font_size=\u00a0\u00bb15px\u00a0\u00bb header_2_font=\u00a0\u00bbWork Sans|600|||||||\u00a0\u00bb header_2_text_color=\u00a0\u00bbgcid-2d3c618c-2748-4c35-a9b1-89451ba9ea97&Prime; header_2_font_size=\u00a0\u00bb36px\u00a0\u00bb header_2_line_height=\u00a0\u00bb1.2em\u00a0\u00bb custom_margin=\u00a0\u00bb0px||5px||false|false\u00a0\u00bb header_2_font_size_tablet=\u00a0\u00bb36px\u00a0\u00bb header_2_font_size_phone=\u00a0\u00bb26px\u00a0\u00bb header_2_font_size_last_edited=\u00a0\u00bbon|desktop\u00a0\u00bb locked=\u00a0\u00bboff\u00a0\u00bb global_colors_info=\u00a0\u00bb{%22gcid-2d3c618c-2748-4c35-a9b1-89451ba9ea97%22:%91%22header_2_text_color%22,%22header_2_text_color%22%93}\u00a0\u00bb]<\/p>\n<h2>Comment pouvons-nous <span style=\"color: var(--globe-lblue);\">vous aider ?<\/span><\/h2>\n<p>[\/et_pb_text][et_pb_text _builder_version=\u00a0\u00bb4.22.1&Prime; _module_preset=\u00a0\u00bbdefault\u00a0\u00bb text_font=\u00a0\u00bbPoppins||||||||\u00a0\u00bb text_text_color=\u00a0\u00bb#000000&Prime; header_2_font=\u00a0\u00bbWork Sans|600|||||||\u00a0\u00bb header_2_text_color=\u00a0\u00bbgcid-76f54854-7fac-4608-a928-bbbbedf6c841&Prime; header_2_font_size=\u00a0\u00bb32px\u00a0\u00bb header_2_line_height=\u00a0\u00bb1.3em\u00a0\u00bb text_orientation_tablet=\u00a0\u00bbcenter\u00a0\u00bb text_orientation_phone=\u00a0\u00bbcenter\u00a0\u00bb text_orientation_last_edited=\u00a0\u00bbon|tablet\u00a0\u00bb global_colors_info=\u00a0\u00bb{%22gcid-76f54854-7fac-4608-a928-bbbbedf6c841%22:%91%22header_2_text_color%22%93}\u00a0\u00bb]<\/p>\n<p>Nous d\u00e9veloppons et fabriquons des ingr\u00e9dients fonctionnels naturels \u00e0 partir de sous-produits v\u00e9g\u00e9taux d\u2019entreprises agroalimentaires.<\/p>\n<p>[\/et_pb_text][\/et_pb_column][et_pb_column type=\u00a0\u00bb1_4&Prime; _builder_version=\u00a0\u00bb4.18.0&Prime; _module_preset=\u00a0\u00bbdefault\u00a0\u00bb custom_css_main_element=\u00a0\u00bbmargin:auto;\u00a0\u00bb global_colors_info=\u00a0\u00bb{}\u00a0\u00bb][et_pb_button button_url=\u00a0\u00bb@ET-DC@eyJkeW5hbWljIjp0cnVlLCJjb250ZW50IjoicG9zdF9saW5rX3VybF9wYWdlIiwic2V0dGluZ3MiOnsicG9zdF9pZCI6IjY4IiwiZW5hYmxlX2h0bWwiOiJvZmYifX0=@\u00a0\u00bb button_text=\u00a0\u00bbContact\u00a0\u00bb button_alignment=\u00a0\u00bbright\u00a0\u00bb button_alignment_tablet=\u00a0\u00bbcenter\u00a0\u00bb button_alignment_phone=\u00a0\u00bbcenter\u00a0\u00bb button_alignment_last_edited=\u00a0\u00bbon|phone\u00a0\u00bb _builder_version=\u00a0\u00bb4.22.1&Prime; _dynamic_attributes=\u00a0\u00bbbutton_url\u00a0\u00bb _module_preset=\u00a0\u00bb477907a0-2fe6-4a69-b4df-7e1b8f0f617b\u00a0\u00bb global_colors_info=\u00a0\u00bb{}\u00a0\u00bb][\/et_pb_button][\/et_pb_column][\/et_pb_row][\/et_pb_section]<\/p>\n","protected":false},"excerpt":{"rendered":"<p><div class=\"et_pb_module dsm_breadcrumbs dsm_breadcrumbs_0\">\n\t\t\t\t\n\t\t\t\t\n\t\t\t\t\n\t\t\t\t\n\t\t\t\t\n\t\t\t\t\n\t\t\t\t<div class=\"et_pb_module_inner\">\n\t\t\t\t\t<nav class=\"dsm_breadcrumbs_wrap\" role=\"navigation\" itemscope=\"\" itemtype=\"http:\/\/schema.org\/SiteNavigationElement\">\n\t\t\t\t<ul class=\"dsm_breadcrumbs\">\n\t\t\t<li class='dsm_breadcrumbs_item dsm_home_item dsm_home_item_custom'>\n\t\t\t\t<a href=\"https:\/\/ingredalia.net\/fr\/\" itemprop=\"url\">\n\t\t\t\t\t<span class='dsm_home_text_wrapper'>\n\t\t\t\t\t\t\t\t\t\t\t\t\t<span class=\"et-pb-icon dsm_home_icon\">\ue009<\/span>\n\t\t\t\t\t\t\t\t\t\t\t\t\t<span class=\"dsm_home_text\" itemprop=\"name\">\n\t\t\t\t\t\t\t\tAccueil\t\t\t\t\t\t\t<\/span>\n\t\t\t\t\t<\/span>\n\t\t\t\t<\/a>\n\t\t\t<\/li>\n\n\t\t<li class=\"dsm_breadcrumbs_separator\"> <span class=\"et-pb-icon dsm_separator_icon\">5<\/span><\/li><\/ul>\n\t\t\t<\/nav>\n\t\t\t\t<\/div>\n\t\t\t<\/div>Comment pouvons-nous vous aider ?Nous d\u00e9veloppons et fabriquons des ingr\u00e9dients fonctionnels naturels \u00e0 partir de sous-produits v\u00e9g\u00e9taux d\u2019entreprises agroalimentaires.<\/p>\n","protected":false},"author":1,"featured_media":0,"parent":0,"menu_order":0,"comment_status":"closed","ping_status":"closed","template":"","meta":{"_et_pb_use_builder":"on","_et_pb_old_content":"","_et_gb_content_width":"","footnotes":""},"class_list":["post-1834","page","type-page","status-publish","hentry"],"yoast_head":"<!-- This site is optimized with the Yoast SEO plugin v27.4 - https:\/\/yoast.com\/product\/yoast-seo-wordpress\/ -->\n<title>Actualit\u00e9s - Ingredalia<\/title>\n<meta name=\"description\" content=\"Nous vous invitons \u00e0 d\u00e9couvrir nos derni\u00e8res actualit\u00e9s dans la section Actualit\u00e9s de notre site web.\" \/>\n<meta name=\"robots\" content=\"index, follow, max-snippet:-1, max-image-preview:large, max-video-preview:-1\" \/>\n<link rel=\"canonical\" href=\"https:\/\/ingredalia.net\/fr\/actualites\/\" \/>\n<meta property=\"og:locale\" content=\"fr_FR\" \/>\n<meta property=\"og:type\" content=\"article\" \/>\n<meta property=\"og:title\" content=\"Actualit\u00e9s - Ingredalia\" \/>\n<meta property=\"og:description\" content=\"Nous vous invitons \u00e0 d\u00e9couvrir nos derni\u00e8res actualit\u00e9s dans la section Actualit\u00e9s de notre site web.\" \/>\n<meta property=\"og:url\" content=\"https:\/\/ingredalia.net\/fr\/actualites\/\" \/>\n<meta property=\"og:site_name\" content=\"Ingredalia\" \/>\n<meta property=\"article:modified_time\" content=\"2026-04-30T16:52:59+00:00\" \/>\n<meta name=\"twitter:card\" content=\"summary_large_image\" \/>\n<meta name=\"twitter:label1\" content=\"Dur\u00e9e de lecture estim\u00e9e\" \/>\n\t<meta name=\"twitter:data1\" content=\"6 minutes\" \/>\n<script type=\"application\/ld+json\" class=\"yoast-schema-graph\">{\"@context\":\"https:\\\/\\\/schema.org\",\"@graph\":[{\"@type\":\"WebPage\",\"@id\":\"https:\\\/\\\/ingredalia.net\\\/fr\\\/actualites\\\/\",\"url\":\"https:\\\/\\\/ingredalia.net\\\/fr\\\/actualites\\\/\",\"name\":\"Actualit\u00e9s - Ingredalia\",\"isPartOf\":{\"@id\":\"https:\\\/\\\/ingredalia.net\\\/#website\"},\"datePublished\":\"2022-09-24T19:09:50+00:00\",\"dateModified\":\"2026-04-30T16:52:59+00:00\",\"description\":\"Nous vous invitons \u00e0 d\u00e9couvrir nos derni\u00e8res actualit\u00e9s dans la section Actualit\u00e9s de notre site web.\",\"breadcrumb\":{\"@id\":\"https:\\\/\\\/ingredalia.net\\\/fr\\\/actualites\\\/#breadcrumb\"},\"inLanguage\":\"fr-FR\",\"potentialAction\":[{\"@type\":\"ReadAction\",\"target\":[\"https:\\\/\\\/ingredalia.net\\\/fr\\\/actualites\\\/\"]}]},{\"@type\":\"BreadcrumbList\",\"@id\":\"https:\\\/\\\/ingredalia.net\\\/fr\\\/actualites\\\/#breadcrumb\",\"itemListElement\":[{\"@type\":\"ListItem\",\"position\":1,\"name\":\"Portada\",\"item\":\"https:\\\/\\\/ingredalia.net\\\/fr\\\/accueil\\\/\"},{\"@type\":\"ListItem\",\"position\":2,\"name\":\"Actualit\u00e9s\"}]},{\"@type\":\"WebSite\",\"@id\":\"https:\\\/\\\/ingredalia.net\\\/#website\",\"url\":\"https:\\\/\\\/ingredalia.net\\\/\",\"name\":\"Ingredalia\",\"description\":\"Ingredientes naturales para la industria a partir de subproductos vegetales.\",\"potentialAction\":[{\"@type\":\"SearchAction\",\"target\":{\"@type\":\"EntryPoint\",\"urlTemplate\":\"https:\\\/\\\/ingredalia.net\\\/?s={search_term_string}\"},\"query-input\":{\"@type\":\"PropertyValueSpecification\",\"valueRequired\":true,\"valueName\":\"search_term_string\"}}],\"inLanguage\":\"fr-FR\"}]}<\/script>\n<!-- \/ Yoast SEO plugin. -->","yoast_head_json":{"title":"Actualit\u00e9s - Ingredalia","description":"Nous vous invitons \u00e0 d\u00e9couvrir nos derni\u00e8res actualit\u00e9s dans la section Actualit\u00e9s de notre site web.","robots":{"index":"index","follow":"follow","max-snippet":"max-snippet:-1","max-image-preview":"max-image-preview:large","max-video-preview":"max-video-preview:-1"},"canonical":"https:\/\/ingredalia.net\/fr\/actualites\/","og_locale":"fr_FR","og_type":"article","og_title":"Actualit\u00e9s - Ingredalia","og_description":"Nous vous invitons \u00e0 d\u00e9couvrir nos derni\u00e8res actualit\u00e9s dans la section Actualit\u00e9s de notre site web.","og_url":"https:\/\/ingredalia.net\/fr\/actualites\/","og_site_name":"Ingredalia","article_modified_time":"2026-04-30T16:52:59+00:00","twitter_card":"summary_large_image","twitter_misc":{"Dur\u00e9e de lecture estim\u00e9e":"6 minutes"},"schema":{"@context":"https:\/\/schema.org","@graph":[{"@type":"WebPage","@id":"https:\/\/ingredalia.net\/fr\/actualites\/","url":"https:\/\/ingredalia.net\/fr\/actualites\/","name":"Actualit\u00e9s - Ingredalia","isPartOf":{"@id":"https:\/\/ingredalia.net\/#website"},"datePublished":"2022-09-24T19:09:50+00:00","dateModified":"2026-04-30T16:52:59+00:00","description":"Nous vous invitons \u00e0 d\u00e9couvrir nos derni\u00e8res actualit\u00e9s dans la section Actualit\u00e9s de notre site web.","breadcrumb":{"@id":"https:\/\/ingredalia.net\/fr\/actualites\/#breadcrumb"},"inLanguage":"fr-FR","potentialAction":[{"@type":"ReadAction","target":["https:\/\/ingredalia.net\/fr\/actualites\/"]}]},{"@type":"BreadcrumbList","@id":"https:\/\/ingredalia.net\/fr\/actualites\/#breadcrumb","itemListElement":[{"@type":"ListItem","position":1,"name":"Portada","item":"https:\/\/ingredalia.net\/fr\/accueil\/"},{"@type":"ListItem","position":2,"name":"Actualit\u00e9s"}]},{"@type":"WebSite","@id":"https:\/\/ingredalia.net\/#website","url":"https:\/\/ingredalia.net\/","name":"Ingredalia","description":"Ingredientes naturales para la industria a partir de subproductos vegetales.","potentialAction":[{"@type":"SearchAction","target":{"@type":"EntryPoint","urlTemplate":"https:\/\/ingredalia.net\/?s={search_term_string}"},"query-input":{"@type":"PropertyValueSpecification","valueRequired":true,"valueName":"search_term_string"}}],"inLanguage":"fr-FR"}]}},"_links":{"self":[{"href":"https:\/\/ingredalia.net\/fr\/wp-json\/wp\/v2\/pages\/1834","targetHints":{"allow":["GET"]}}],"collection":[{"href":"https:\/\/ingredalia.net\/fr\/wp-json\/wp\/v2\/pages"}],"about":[{"href":"https:\/\/ingredalia.net\/fr\/wp-json\/wp\/v2\/types\/page"}],"author":[{"embeddable":true,"href":"https:\/\/ingredalia.net\/fr\/wp-json\/wp\/v2\/users\/1"}],"replies":[{"embeddable":true,"href":"https:\/\/ingredalia.net\/fr\/wp-json\/wp\/v2\/comments?post=1834"}],"version-history":[{"count":2,"href":"https:\/\/ingredalia.net\/fr\/wp-json\/wp\/v2\/pages\/1834\/revisions"}],"predecessor-version":[{"id":1836,"href":"https:\/\/ingredalia.net\/fr\/wp-json\/wp\/v2\/pages\/1834\/revisions\/1836"}],"wp:attachment":[{"href":"https:\/\/ingredalia.net\/fr\/wp-json\/wp\/v2\/media?parent=1834"}],"curies":[{"name":"wp","href":"https:\/\/api.w.org\/{rel}","templated":true}]}}